{"id":161,"date":"2021-10-28T09:56:27","date_gmt":"2021-10-28T05:56:27","guid":{"rendered":"http:\/\/www.veterans.re\/?page_id=161"},"modified":"2025-12-29T13:59:04","modified_gmt":"2025-12-29T09:59:04","slug":"bulletin-dadhesion","status":"publish","type":"page","link":"https:\/\/www.veterans.re\/index.php\/bulletin-dadhesion\/","title":{"rendered":"Bulletin d&rsquo;adh\u00e9sion"},"content":{"rendered":"\n<h2 class=\"wp-block-heading\">La cotisation pour les adh\u00e9rents 2026 est \u00e0 <span style=\"color: #ff0000;\">20,00\u20ac<\/span> ( Vingt euros )<\/h2>\n\n\n\n<h2 class=\"wp-block-heading\">Plusieurs possibilit\u00e9 d&rsquo;adh\u00e9rer :<\/h2>\n\n\n\n<div class=\"wp-block-columns is-layout-flex wp-container-core-columns-is-layout-9d6595d7 wp-block-columns-is-layout-flex\">\n<div class=\"wp-block-column is-layout-flow wp-block-column-is-layout-flow\" style=\"flex-basis:50%\">\n<blockquote class=\"wp-block-quote is-layout-flow wp-block-quote-is-layout-flow\">\n<ul class=\"wp-block-list\">\n<li>1 par virement<\/li>\n\n\n\n<li>2 par ch\u00e8que lib\u00e9ll\u00e9<\/li>\n\n\n\n<li>3 par HelloAsso<\/li>\n<\/ul>\n<\/blockquote>\n<\/div>\n\n\n\n<div class=\"wp-block-column is-layout-flow wp-block-column-is-layout-flow\" style=\"flex-basis:50%\">\n<p class=\"has-white-color has-vivid-green-cyan-background-color has-text-color has-background has-medium-font-size\">1 &#8211; <em><strong>Par virement : Avec ce RIB<\/strong><\/em><\/p>\n<\/div>\n<\/div>\n\n\n\n<div data-wp-interactive=\"core\/file\" class=\"wp-block-file\"><object data-wp-bind--hidden=\"!state.hasPdfPreview\" hidden class=\"wp-block-file__embed\" data=\"https:\/\/www.veterans.re\/wp-content\/uploads\/2023\/05\/LBP-@ccess-24-La-Banque-Postale-Releve-didentite-Bancaire-_-IBAN.pdf\" type=\"application\/pdf\" style=\"width:100%;height:600px\" aria-label=\"Contenu embarqu\u00e9 LBP-@ccess-24-La-Banque-Postale-Releve-didentite-Bancaire-_-IBAN.\"><\/object><a id=\"wp-block-file--media-7fbf03cd-2456-40a6-8d1c-c6faf3ab51ec\" href=\"https:\/\/www.veterans.re\/wp-content\/uploads\/2023\/05\/LBP-@ccess-24-La-Banque-Postale-Releve-didentite-Bancaire-_-IBAN.pdf\">LBP-@ccess-24-La-Banque-Postale-Releve-didentite-Bancaire-_-IBAN<\/a><a href=\"https:\/\/www.veterans.re\/wp-content\/uploads\/2023\/05\/LBP-@ccess-24-La-Banque-Postale-Releve-didentite-Bancaire-_-IBAN.pdf\" class=\"wp-block-file__button wp-element-button\" download aria-describedby=\"wp-block-file--media-7fbf03cd-2456-40a6-8d1c-c6faf3ab51ec\">T\u00e9l\u00e9charger<\/a><\/div>\n\n\n\n<blockquote class=\"wp-block-quote is-layout-flow wp-block-quote-is-layout-flow\">\n<hr class=\"wp-block-separator has-alpha-channel-opacity is-style-dots\"\/>\n\n\n\n<p class=\"has-white-color has-vivid-green-cyan-background-color has-text-color has-background has-medium-font-size\"><strong>2 &#8211; Par ch\u00e8que \u00e0 l&rsquo;ordre de : <span style=\"color: #0000ff;\">\u00ab\u00a0Mi aime mon mus\u00e9\u00a0\u00bb<\/span><\/strong><\/p>\n\n\n\n<p class=\"has-medium-font-size\"><em><strong>A envoyer \u00e0 l&rsquo;adresse suivante :<\/strong><\/em><\/p>\n\n\n\n<ul class=\"wp-block-list\">\n<li class=\"has-medium-font-size\"><strong>DI PIAZZA Richard 191 Chemin NID JOLI &#8211; 97430 LE TAMPON<\/strong><\/li>\n\n\n\n<li class=\"has-medium-font-size\"><strong>T\u00e9l : 0692 370 370<\/strong> <strong>pour tous renseignements<\/strong><\/li>\n<\/ul>\n<\/blockquote>\n\n\n\n<hr class=\"wp-block-separator has-alpha-channel-opacity is-style-dots\"\/>\n\n\n\n<h3 class=\"wp-block-heading has-cyan-bluish-gray-color has-text-color has-link-color has-medium-font-size wp-elements-568abb19f8ab0310cd1b247436482fa7\"><strong><span style=\"color: #ff0000;\">T\u00e9l\u00e9charger ou imprimer le &nbsp;BULLETIN ADHESION mi aime mon mus\u00e9<\/span><\/strong><\/h3>\n\n\n\n<pre class=\"wp-block-preformatted has-medium-font-size\"><em><strong>Envoyez votre bulletin d'adh\u00e9sion \u00e0 l'adresse ci-dessus en m\u00eame temps que votre r\u00e8glement.<\/strong><\/em><\/pre>\n\n\n\n<div data-wp-interactive=\"core\/file\" class=\"wp-block-file\"><object data-wp-bind--hidden=\"!state.hasPdfPreview\" hidden class=\"wp-block-file__embed\" data=\"https:\/\/www.veterans.re\/wp-content\/uploads\/2025\/12\/Adh-2026-MAMM.pdf\" type=\"application\/pdf\" style=\"width:100%;height:600px\" aria-label=\"Contenu embarqu\u00e9 Adh-2026-MAMM.\"><\/object><a id=\"wp-block-file--media-7ebe8a97-c0b6-4fa4-87a9-c0782ed87461\" href=\"https:\/\/www.veterans.re\/wp-content\/uploads\/2025\/12\/Adh-2026-MAMM.pdf\">Adh-2026-MAMM<\/a><a href=\"https:\/\/www.veterans.re\/wp-content\/uploads\/2025\/12\/Adh-2026-MAMM.pdf\" class=\"wp-block-file__button wp-element-button\" download aria-describedby=\"wp-block-file--media-7ebe8a97-c0b6-4fa4-87a9-c0782ed87461\">T\u00e9l\u00e9charger<\/a><\/div>\n\n\n\n<hr class=\"wp-block-separator has-alpha-channel-opacity is-style-dots\"\/>\n\n\n\n<h2 class=\"wp-block-heading has-white-color has-vivid-green-cyan-background-color has-text-color has-background has-medium-font-size\">3 &#8211; Par l&rsquo;interm\u00e9diare d&rsquo;HelloAsso<\/h2>\n\n\n\n<div class=\"wp-block-media-text has-media-on-the-right is-stacked-on-mobile\"><div class=\"wp-block-media-text__content\">\n<p class=\"has-medium-font-size\"><strong>Avec l&rsquo;aide gratuite d&rsquo;HelloAsso pour les r\u00e8glement par CB<\/strong><\/p>\n<\/div><figure class=\"wp-block-media-text__media\"><img fetchpriority=\"high\" decoding=\"async\" width=\"485\" height=\"104\" src=\"https:\/\/www.veterans.re\/wp-content\/uploads\/2024\/02\/download.jpg\" alt=\"\" class=\"wp-image-1398 size-full\" srcset=\"https:\/\/www.veterans.re\/wp-content\/uploads\/2024\/02\/download.jpg 485w, https:\/\/www.veterans.re\/wp-content\/uploads\/2024\/02\/download-300x64.jpg 300w\" sizes=\"(max-width: 485px) 100vw, 485px\" \/><\/figure><\/div>\n\n\n\n<h4 class=\"wp-block-heading has-text-align-left has-cyan-bluish-gray-color has-text-color\">Votre attention :<strong> HelloAsso est une entreprise sociale et solidaire, qui fournit gratuitement ses technologies de paiement \u00e0 l&rsquo;association Mi Aime Mon Mus\u00e9.<\/strong><\/h4>\n\n\n\n<h4 class=\"wp-block-heading has-text-align-left has-cyan-bluish-gray-color has-text-color\"><strong>Une contribution au fonctionnement de HelloAsso, <\/strong>modifiable et facultative<strong> vous sera propos\u00e9e avant la validation de votre paiement.<\/strong><\/h4>\n\n\n\n<h4 class=\"wp-block-heading has-text-align-left has-vivid-red-color has-text-color\"><strong>Soyez associatif laissez quelques \u20ac ! <\/strong> <a rel=\"noreferrer noopener\" href=\"https:\/\/www.helloasso.com\/comment-ca-marche\" target=\"_blank\">Comment \u00e7a marche &#8230;<\/a><\/h4>\n\n\n\n<p class=\"has-text-align-left has-cyan-bluish-gray-color has-text-color has-medium-font-size\"><strong><strong>NOTA : Vous pourrez r\u00e9gler votre adh\u00e9sion par \ud83d\udcb3<\/strong><\/strong> Carte Bleu, puis imprimer votre facture et votre fiche provisoire d&rsquo;adh\u00e9sion.<\/p>\n\n\n\n<h2 class=\"wp-block-heading has-text-align-left has-cyan-bluish-gray-color has-text-color\">Cliquez juste sur Adh\u00e9rer puis suivez l&rsquo;\u00e9tape suivante<\/h2>\n\n\n\n<iframe id=\"haWidget\" allowtransparency=\"true\" src=\"https:\/\/www.helloasso.com\/associations\/mi-aime-mon-musee\/adhesions\/adherez-librement-a-mi-aime-mon-muse-annee-2026\/widget-bouton\" style=\"width: 100%; height: 70px; border: none;\" onload=\"window.addEventListener( 'message', e => { const dataHeight = e.data.height; const haWidgetElement = document.getElementById(&lsquo;haWidget&rsquo;); haWidgetElement.height = dataHeight + &lsquo;px&rsquo;; } )\u00a0\u00bb ><\/iframe>\n\n\n\n<p><\/p>\n","protected":false},"excerpt":{"rendered":"<p>La cotisation pour les adh\u00e9rents 2026 est \u00e0 20,00\u20ac ( Vingt euros ) Plusieurs possibilit\u00e9 d&rsquo;adh\u00e9rer : 1 &#8211; Par virement : Avec ce RIB T\u00e9l\u00e9charger ou imprimer le &nbsp;BULLETIN ADHESION mi aime mon mus\u00e9 Envoyez votre bulletin d&rsquo;adh\u00e9sion \u00e0 l&rsquo;adresse ci-dessus en m\u00eame temps que votre r\u00e8glement. 3 &#8211; Par l&rsquo;interm\u00e9diare d&rsquo;HelloAsso Avec l&rsquo;aide gratuite d&rsquo;HelloAsso pour les r\u00e8glement par CB Votre attention : HelloAsso est une entreprise sociale et solidaire, qui fournit gratuitement ses technologies de paiement \u00e0 l&rsquo;association Mi Aime Mon Mus\u00e9. Une contribution au fonctionnement de HelloAsso, modifiable et facultative vous sera propos\u00e9e avant la validation&#8230; <\/p>\n","protected":false},"author":1,"featured_media":0,"parent":0,"menu_order":0,"comment_status":"closed","ping_status":"closed","template":"template-full-width.php","meta":{"footnotes":""},"class_list":["post-161","page","type-page","status-publish","hentry"],"_links":{"self":[{"href":"https:\/\/www.veterans.re\/index.php\/wp-json\/wp\/v2\/pages\/161","targetHints":{"allow":["GET"]}}],"collection":[{"href":"https:\/\/www.veterans.re\/index.php\/wp-json\/wp\/v2\/pages"}],"about":[{"href":"https:\/\/www.veterans.re\/index.php\/wp-json\/wp\/v2\/types\/page"}],"author":[{"embeddable":true,"href":"https:\/\/www.veterans.re\/index.php\/wp-json\/wp\/v2\/users\/1"}],"replies":[{"embeddable":true,"href":"https:\/\/www.veterans.re\/index.php\/wp-json\/wp\/v2\/comments?post=161"}],"version-history":[{"count":30,"href":"https:\/\/www.veterans.re\/index.php\/wp-json\/wp\/v2\/pages\/161\/revisions"}],"predecessor-version":[{"id":2491,"href":"https:\/\/www.veterans.re\/index.php\/wp-json\/wp\/v2\/pages\/161\/revisions\/2491"}],"wp:attachment":[{"href":"https:\/\/www.veterans.re\/index.php\/wp-json\/wp\/v2\/media?parent=161"}],"curies":[{"name":"wp","href":"https:\/\/api.w.org\/{rel}","templated":true}]}}