{"id":1732,"date":"2024-11-19T11:25:30","date_gmt":"2024-11-19T07:25:30","guid":{"rendered":"https:\/\/www.veterans.re\/?page_id=1732"},"modified":"2025-09-03T13:09:20","modified_gmt":"2025-09-03T09:09:20","slug":"musee-itinerant-dans-les-colleges","status":"publish","type":"page","link":"https:\/\/www.veterans.re\/index.php\/musee-itinerant-dans-les-colleges\/","title":{"rendered":"Mus\u00e9e itin\u00e9rant dans les coll\u00e8ges"},"content":{"rendered":"\n<figure class=\"wp-block-video\"><video height=\"720\" style=\"aspect-ratio: 1280 \/ 720;\" width=\"1280\" controls muted src=\"https:\/\/www.veterans.re\/wp-content\/uploads\/2024\/11\/2024-11-19-11-29-43.mkv\"><\/video><\/figure>\n\n\n\n<div style=\"height:100px\" aria-hidden=\"true\" class=\"wp-block-spacer\"><\/div>\n\n\n\n<h1 class=\"wp-block-heading has-text-align-center\"><strong>Quand L\u2019Histoire prend vie,<\/strong><\/h1>\n\n\n\n<h1 class=\"wp-block-heading has-text-align-center\"><strong>Et que le pass\u00e9 ressurgit !<\/strong><\/h1>\n\n\n\n<p>Dans le cadre de la th\u00e9matique des guerres inscrite au programme de 3\u00e8me, les professeurs de Fran\u00e7ais et d\u2019Histoire G\u00e9ographie concern\u00e9s ont men\u00e9 conjointement un projet visant \u00e0 \u00e9veiller les consciences sur des conflits majeurs qui ont rythm\u00e9 le XX \u00e8me si\u00e8cle, notamment la <strong>1\u00e8re Guerre Mondiale de 1914-1918<\/strong>.<\/p>\n\n\n\n<p>Pour ce faire, le point d\u2019orgue des enseignements dispens\u00e9s en classe a \u00e9t\u00e9 la journ\u00e9e de rencontre avec Monsieur <strong>LE PIMPEC<\/strong>, f\u00e9ru d\u2019histoire et, depuis plus de 40 ans, collectionneur d\u2019objets li\u00e9s \u00e0 une p\u00e9riode sombre de notre pays, de l\u2019Europe, du monde de mani\u00e8re g\u00e9n\u00e9rale.<\/p>\n\n\n\n<p>Repr\u00e9sentant l\u2019association \u201cMi aime mon mus\u00e9\u201d, Monsieur LE PIMPEC a propos\u00e9 aux \u00e9l\u00e8ves comme au personnel de l\u2019\u00e9tablissement une immersion dans le quotidien d\u2019un poilu \u00e0 l\u2019aide de son v\u00e9ritable <strong>mus\u00e9e itin\u00e9rant.<\/strong><\/p>\n\n\n\n<p>Aussi, \u00e9l\u00e8ves comme adultes ont \u00e9t\u00e9 \u00e9bahis, impressionn\u00e9s devant la prestation de l\u2019intervenant. Une plong\u00e9e m\u00e9morable au c\u0153ur de notre pass\u00e9. Pour ne pas oublier. Pour perp\u00e9tuer ce devoir de m\u00e9moire. Pour transmettre aux nouvelles g\u00e9n\u00e9rations les connaissances culturelles. Pour comprendre d\u2019o\u00f9 l\u2019ont vient et l\u2019impact de ces \u00e9v\u00e9nements historiques sur notre existence. Pour toutes ces raisons, la date de l\u2019intervention a fait suite au lundi 11 novembre 2024, rappelant l\u2019armistice.<\/p>\n\n\n\n<p>Nous remercions vivement Monsieur LE PIMPEC pour les apports th\u00e9oriques et pratiques apport\u00e9s.<\/p>\n\n\n\n<p>Merci \u00e0 Antenne R\u00e9union pour le reportage qui a \u00e9t\u00e9 r\u00e9alis\u00e9 au coll\u00e8ge.<\/p>\n\n\n\n<p>Merci aux agents pour leur aide au transport du mat\u00e9riel.<\/p>\n\n\n\n<p><em>Monsieur BRUN, Madame BRUN, Monsieur PANOR, Madame BABET, Madame GOPAL PANON, Mme TECHER R et Mme TUGAR.<\/em><\/p>\n\n\n\n<p><strong>R\u00e9actions des \u00e9l\u00e8ves&nbsp;:<\/strong><\/p>\n\n\n\n<blockquote class=\"wp-block-quote is-layout-flow wp-block-quote-is-layout-flow\">\n<p class=\"has-vivid-green-cyan-color has-text-color has-link-color wp-elements-5f1acb3cf354c517f5e9e4a926eeb99e\">\u2013 C\u2019\u00e9tait g\u00e9nial&nbsp;! Le fait de pouvoir manipuler les armes, les accessoires de soldats c\u2019est impressionnant.<\/p>\n\n\n\n<p class=\"has-vivid-green-cyan-color has-text-color has-link-color wp-elements-37e0e3c94590a6f319893c0b89f34684\">\u2013 Dans les livres et en vrai ce n\u2019est pas pareil. L\u00e0 on se projette davantage dans la p\u00e9riode historique.<\/p>\n\n\n\n<p class=\"has-vivid-green-cyan-color has-text-color has-link-color wp-elements-ac9d2dad1e95cee34dc92293eb11f278\">\u2013 On a aim\u00e9 avoir le c\u00f4t\u00e9 pratique plut\u00f4t que juste imaginer \u00e0 travers un manuel de classe.<\/p>\n\n\n\n<p class=\"has-vivid-green-cyan-color has-text-color has-link-color wp-elements-a12781b1fd2990c35c95715b8f1efb9e\">\u2013 On ne s\u2019imaginait pas que les armes \u00e9taient aussi lourdes&nbsp;!<\/p>\n\n\n\n<p class=\"has-vivid-green-cyan-color has-text-color has-link-color wp-elements-b2b4df9ced02f37386de3bb498c378bb\">\u2013 L\u2019intervant animait bien la s\u00e9ance et nous apportait beaucoup de connaissances&nbsp;!<\/p>\n\n\n\n<p class=\"has-vivid-green-cyan-color has-text-color has-link-color wp-elements-83965fe89681cf1167c228b3e11fbfec\">\u2013 On r\u00e9alise mieux ce que vivaient les soldats durant cette guerre.<\/p>\n\n\n\n<p class=\"has-vivid-green-cyan-color has-text-color has-link-color wp-elements-b939b7e952d23644f4192bc23e4bc753\">\u2013 Comment Monsieur a-t-il fait pour obtenir tout \u00e7a&nbsp;?<\/p>\n<\/blockquote>\n\n\n\n<p><\/p>\n","protected":false},"excerpt":{"rendered":"<p>Quand L\u2019Histoire prend vie, Et que le pass\u00e9 ressurgit ! Dans le cadre de la th\u00e9matique des guerres inscrite au programme de 3\u00e8me, les professeurs de Fran\u00e7ais et d\u2019Histoire G\u00e9ographie concern\u00e9s ont men\u00e9 conjointement un projet visant \u00e0 \u00e9veiller les consciences sur des conflits majeurs qui ont rythm\u00e9 le XX \u00e8me si\u00e8cle, notamment la 1\u00e8re Guerre Mondiale de 1914-1918. Pour ce faire, le point d\u2019orgue des enseignements dispens\u00e9s en classe a \u00e9t\u00e9 la journ\u00e9e de rencontre avec Monsieur LE PIMPEC, f\u00e9ru d\u2019histoire et, depuis plus de 40 ans, collectionneur d\u2019objets li\u00e9s \u00e0 une p\u00e9riode sombre de notre pays, de l\u2019Europe,&#8230; <\/p>\n","protected":false},"author":1,"featured_media":0,"parent":0,"menu_order":0,"comment_status":"closed","ping_status":"closed","template":"template-full-width.php","meta":{"footnotes":""},"class_list":["post-1732","page","type-page","status-publish","hentry"],"_links":{"self":[{"href":"https:\/\/www.veterans.re\/index.php\/wp-json\/wp\/v2\/pages\/1732","targetHints":{"allow":["GET"]}}],"collection":[{"href":"https:\/\/www.veterans.re\/index.php\/wp-json\/wp\/v2\/pages"}],"about":[{"href":"https:\/\/www.veterans.re\/index.php\/wp-json\/wp\/v2\/types\/page"}],"author":[{"embeddable":true,"href":"https:\/\/www.veterans.re\/index.php\/wp-json\/wp\/v2\/users\/1"}],"replies":[{"embeddable":true,"href":"https:\/\/www.veterans.re\/index.php\/wp-json\/wp\/v2\/comments?post=1732"}],"version-history":[{"count":6,"href":"https:\/\/www.veterans.re\/index.php\/wp-json\/wp\/v2\/pages\/1732\/revisions"}],"predecessor-version":[{"id":2396,"href":"https:\/\/www.veterans.re\/index.php\/wp-json\/wp\/v2\/pages\/1732\/revisions\/2396"}],"wp:attachment":[{"href":"https:\/\/www.veterans.re\/index.php\/wp-json\/wp\/v2\/media?parent=1732"}],"curies":[{"name":"wp","href":"https:\/\/api.w.org\/{rel}","templated":true}]}}