{"id":2499,"date":"2026-02-21T20:32:35","date_gmt":"2026-02-21T16:32:35","guid":{"rendered":"https:\/\/www.veterans.re\/?page_id=2499"},"modified":"2026-02-21T21:16:06","modified_gmt":"2026-02-21T17:16:06","slug":"ag-2025","status":"publish","type":"page","link":"https:\/\/www.veterans.re\/index.php\/ag-2025\/","title":{"rendered":"AG 2025"},"content":{"rendered":"\n<figure class=\"wp-block-embed is-type-video is-provider-youtube wp-block-embed-youtube wp-embed-aspect-9-16 wp-has-aspect-ratio\"><div class=\"wp-block-embed__wrapper\">\n<iframe title=\"Assembl\u00e9 G\u00e9n\u00e9rale (Mi aime mon Mus\u00e9e 2025)\" width=\"422\" height=\"750\" src=\"https:\/\/www.youtube.com\/embed\/JJ6rDoTLPfk?feature=oembed\" frameborder=\"0\" allow=\"accelerometer; autoplay; clipboard-write; encrypted-media; gyroscope; picture-in-picture; web-share\" referrerpolicy=\"strict-origin-when-cross-origin\" allowfullscreen><\/iframe>\n<\/div><\/figure>\n\n\n\n<figure class=\"wp-block-gallery has-nested-images columns-default is-cropped wp-block-gallery-1 is-layout-flex wp-block-gallery-is-layout-flex\">\n<figure class=\"wp-block-image size-full\"><img fetchpriority=\"high\" decoding=\"async\" width=\"2560\" height=\"1920\" data-id=\"2503\" src=\"https:\/\/www.veterans.re\/wp-content\/uploads\/2026\/02\/IMG_3387-scaled.jpg\" alt=\"\" class=\"wp-image-2503\" srcset=\"https:\/\/www.veterans.re\/wp-content\/uploads\/2026\/02\/IMG_3387-scaled.jpg 2560w, https:\/\/www.veterans.re\/wp-content\/uploads\/2026\/02\/IMG_3387-300x225.jpg 300w\" sizes=\"(max-width: 2560px) 100vw, 2560px\" \/><\/figure>\n\n\n\n<figure class=\"wp-block-image size-large\"><img decoding=\"async\" width=\"1024\" height=\"768\" data-id=\"2504\" src=\"https:\/\/www.veterans.re\/wp-content\/uploads\/2026\/02\/IMG_3390-1024x768.jpg\" alt=\"\" class=\"wp-image-2504\" srcset=\"https:\/\/www.veterans.re\/wp-content\/uploads\/2026\/02\/IMG_3390-1024x768.jpg 1024w, https:\/\/www.veterans.re\/wp-content\/uploads\/2026\/02\/IMG_3390-300x225.jpg 300w, https:\/\/www.veterans.re\/wp-content\/uploads\/2026\/02\/IMG_3390-768x576.jpg 768w, https:\/\/www.veterans.re\/wp-content\/uploads\/2026\/02\/IMG_3390-1536x1152.jpg 1536w\" sizes=\"(max-width: 1024px) 100vw, 1024px\" \/><\/figure>\n\n\n\n<figure class=\"wp-block-image size-large\"><img decoding=\"async\" width=\"1024\" height=\"768\" data-id=\"2505\" src=\"https:\/\/www.veterans.re\/wp-content\/uploads\/2026\/02\/IMG_3388-1024x768.jpg\" alt=\"\" class=\"wp-image-2505\" srcset=\"https:\/\/www.veterans.re\/wp-content\/uploads\/2026\/02\/IMG_3388-1024x768.jpg 1024w, https:\/\/www.veterans.re\/wp-content\/uploads\/2026\/02\/IMG_3388-300x225.jpg 300w, https:\/\/www.veterans.re\/wp-content\/uploads\/2026\/02\/IMG_3388-768x576.jpg 768w, https:\/\/www.veterans.re\/wp-content\/uploads\/2026\/02\/IMG_3388-1536x1152.jpg 1536w, https:\/\/www.veterans.re\/wp-content\/uploads\/2026\/02\/IMG_3388-2048x1536.jpg 2048w, https:\/\/www.veterans.re\/wp-content\/uploads\/2026\/02\/IMG_3388-500x375.jpg 500w, https:\/\/www.veterans.re\/wp-content\/uploads\/2026\/02\/IMG_3388-700x525.jpg 700w\" sizes=\"(max-width: 1024px) 100vw, 1024px\" \/><\/figure>\n\n\n\n<figure class=\"wp-block-image size-large\"><img loading=\"lazy\" decoding=\"async\" width=\"1024\" height=\"768\" data-id=\"2506\" src=\"https:\/\/www.veterans.re\/wp-content\/uploads\/2026\/02\/IMG_3389-1024x768.jpg\" alt=\"\" class=\"wp-image-2506\" srcset=\"https:\/\/www.veterans.re\/wp-content\/uploads\/2026\/02\/IMG_3389-1024x768.jpg 1024w, https:\/\/www.veterans.re\/wp-content\/uploads\/2026\/02\/IMG_3389-300x225.jpg 300w, https:\/\/www.veterans.re\/wp-content\/uploads\/2026\/02\/IMG_3389-768x576.jpg 768w, https:\/\/www.veterans.re\/wp-content\/uploads\/2026\/02\/IMG_3389-1536x1152.jpg 1536w, https:\/\/www.veterans.re\/wp-content\/uploads\/2026\/02\/IMG_3389-2048x1536.jpg 2048w, https:\/\/www.veterans.re\/wp-content\/uploads\/2026\/02\/IMG_3389-500x375.jpg 500w, https:\/\/www.veterans.re\/wp-content\/uploads\/2026\/02\/IMG_3389-700x525.jpg 700w\" sizes=\"(max-width: 1024px) 100vw, 1024px\" \/><\/figure>\n<\/figure>\n\n\n\n<div data-wp-interactive=\"core\/file\" class=\"wp-block-file\"><object data-wp-bind--hidden=\"!state.hasPdfPreview\" hidden class=\"wp-block-file__embed\" data=\"https:\/\/www.veterans.re\/wp-content\/uploads\/2026\/02\/PV-AG-MAMM-2025-FEVRIER-2026.pdf\" type=\"application\/pdf\" style=\"width:100%;height:1200px\" aria-label=\"Contenu embarqu\u00e9 PV AG MAMM 2025 FEVRIER 2026.\"><\/object><a id=\"wp-block-file--media-482d85be-ce73-4b71-b4e4-27feb66100c7\" href=\"https:\/\/www.veterans.re\/wp-content\/uploads\/2026\/02\/PV-AG-MAMM-2025-FEVRIER-2026.pdf\">PV AG MAMM 2025 FEVRIER 2026<\/a><a href=\"https:\/\/www.veterans.re\/wp-content\/uploads\/2026\/02\/PV-AG-MAMM-2025-FEVRIER-2026.pdf\" class=\"wp-block-file__button wp-element-button\" download aria-describedby=\"wp-block-file--media-482d85be-ce73-4b71-b4e4-27feb66100c7\">T\u00e9l\u00e9charger<\/a><\/div>\n","protected":false},"excerpt":{"rendered":"","protected":false},"author":1,"featured_media":0,"parent":0,"menu_order":0,"comment_status":"closed","ping_status":"closed","template":"template-full-width.php","meta":{"footnotes":""},"class_list":["post-2499","page","type-page","status-publish","hentry"],"_links":{"self":[{"href":"https:\/\/www.veterans.re\/index.php\/wp-json\/wp\/v2\/pages\/2499","targetHints":{"allow":["GET"]}}],"collection":[{"href":"https:\/\/www.veterans.re\/index.php\/wp-json\/wp\/v2\/pages"}],"about":[{"href":"https:\/\/www.veterans.re\/index.php\/wp-json\/wp\/v2\/types\/page"}],"author":[{"embeddable":true,"href":"https:\/\/www.veterans.re\/index.php\/wp-json\/wp\/v2\/users\/1"}],"replies":[{"embeddable":true,"href":"https:\/\/www.veterans.re\/index.php\/wp-json\/wp\/v2\/comments?post=2499"}],"version-history":[{"count":4,"href":"https:\/\/www.veterans.re\/index.php\/wp-json\/wp\/v2\/pages\/2499\/revisions"}],"predecessor-version":[{"id":2511,"href":"https:\/\/www.veterans.re\/index.php\/wp-json\/wp\/v2\/pages\/2499\/revisions\/2511"}],"wp:attachment":[{"href":"https:\/\/www.veterans.re\/index.php\/wp-json\/wp\/v2\/media?parent=2499"}],"curies":[{"name":"wp","href":"https:\/\/api.w.org\/{rel}","templated":true}]}}