{"id":32,"date":"2017-04-09T14:59:46","date_gmt":"2017-04-09T10:59:46","guid":{"rendered":"http:\/\/www.veterans.re\/?page_id=32"},"modified":"2025-08-31T09:00:01","modified_gmt":"2025-08-31T05:00:01","slug":"plans-du-projet","status":"publish","type":"page","link":"https:\/\/www.veterans.re\/index.php\/plans-du-projet\/","title":{"rendered":"Plans du projet"},"content":{"rendered":"\n<h2 class=\"wp-block-heading has-white-color has-text-color has-link-color wp-elements-1fb969d306e9d65345a9e2a5e1252601\"><span style=\"color: #800000;\">Relev\u00e9 de l&rsquo;existant :<\/span><\/h2>\n\n\n\n<figure class=\"wp-block-image\"><img fetchpriority=\"high\" decoding=\"async\" width=\"1603\" height=\"806\" src=\"http:\/\/www.veterans.re\/wp-content\/uploads\/2017\/04\/VuePlanMuse\u0301e.jpg\" alt=\"\" class=\"wp-image-33\" srcset=\"https:\/\/www.veterans.re\/wp-content\/uploads\/2017\/04\/VuePlanMuse\u0301e.jpg 1603w, https:\/\/www.veterans.re\/wp-content\/uploads\/2017\/04\/VuePlanMuse\u0301e-500x251.jpg 500w, https:\/\/www.veterans.re\/wp-content\/uploads\/2017\/04\/VuePlanMuse\u0301e-700x352.jpg 700w, https:\/\/www.veterans.re\/wp-content\/uploads\/2017\/04\/VuePlanMuse\u0301e-300x151.jpg 300w, https:\/\/www.veterans.re\/wp-content\/uploads\/2017\/04\/VuePlanMuse\u0301e-768x386.jpg 768w, https:\/\/www.veterans.re\/wp-content\/uploads\/2017\/04\/VuePlanMuse\u0301e-1024x515.jpg 1024w\" sizes=\"(max-width: 1603px) 100vw, 1603px\" \/><\/figure>\n\n\n\n<hr class=\"wp-block-separator has-alpha-channel-opacity\"\/>\n\n\n\n<h2 class=\"wp-block-heading has-white-color has-text-color has-link-color wp-elements-1169b32c2657f816a58a52da6cde6af4\"><span style=\"color: #800000;\">Autres plans :<\/span><\/h2>\n\n\n\n<div data-wp-interactive=\"core\/file\" class=\"wp-block-file\"><object data-wp-bind--hidden=\"!state.hasPdfPreview\" hidden class=\"wp-block-file__embed\" data=\"https:\/\/www.veterans.re\/wp-content\/uploads\/2025\/08\/VuePlanMuseeEclairageSTD.pdf\" type=\"application\/pdf\" style=\"width:100%;height:600px\" aria-label=\"Contenu embarqu\u00e9 VuePlanMus\u00e9eEclairageSTD.\"><\/object><a id=\"wp-block-file--media-6f6e140b-48a1-4f6e-829b-eca1ae10464a\" href=\"https:\/\/www.veterans.re\/wp-content\/uploads\/2025\/08\/VuePlanMuseeEclairageSTD.pdf\">VuePlanMus\u00e9eEclairageSTD<\/a><a href=\"https:\/\/www.veterans.re\/wp-content\/uploads\/2025\/08\/VuePlanMuseeEclairageSTD.pdf\" class=\"wp-block-file__button wp-element-button\" download aria-describedby=\"wp-block-file--media-6f6e140b-48a1-4f6e-829b-eca1ae10464a\">T\u00e9l\u00e9charger<\/a><\/div>\n\n\n\n<div data-wp-interactive=\"core\/file\" class=\"wp-block-file\"><object data-wp-bind--hidden=\"!state.hasPdfPreview\" hidden class=\"wp-block-file__embed\" data=\"https:\/\/www.veterans.re\/wp-content\/uploads\/2025\/08\/VuePlanMusee-ECL-Vitrines.pdf\" type=\"application\/pdf\" style=\"width:100%;height:600px\" aria-label=\"Contenu embarqu\u00e9 VuePlanMus\u00e9e ECL Vitrines.\"><\/object><a id=\"wp-block-file--media-1b175bca-1ca1-4207-b1f4-3274f3fcd943\" href=\"https:\/\/www.veterans.re\/wp-content\/uploads\/2025\/08\/VuePlanMusee-ECL-Vitrines.pdf\">VuePlanMus\u00e9e ECL Vitrines<\/a><a href=\"https:\/\/www.veterans.re\/wp-content\/uploads\/2025\/08\/VuePlanMusee-ECL-Vitrines.pdf\" class=\"wp-block-file__button wp-element-button\" download aria-describedby=\"wp-block-file--media-1b175bca-1ca1-4207-b1f4-3274f3fcd943\">T\u00e9l\u00e9charger<\/a><\/div>\n\n\n\n<div data-wp-interactive=\"core\/file\" class=\"wp-block-file\"><object data-wp-bind--hidden=\"!state.hasPdfPreview\" hidden class=\"wp-block-file__embed\" data=\"https:\/\/www.veterans.re\/wp-content\/uploads\/2025\/08\/VuePlanMusee-Climatisation.pdf\" type=\"application\/pdf\" style=\"width:100%;height:600px\" aria-label=\"Contenu embarqu\u00e9 VuePlanMus\u00e9e Climatisation.\"><\/object><a id=\"wp-block-file--media-92e7f004-852b-435a-82c9-ef4b1eb47315\" href=\"https:\/\/www.veterans.re\/wp-content\/uploads\/2025\/08\/VuePlanMusee-Climatisation.pdf\">VuePlanMus\u00e9e Climatisation<\/a><a href=\"https:\/\/www.veterans.re\/wp-content\/uploads\/2025\/08\/VuePlanMusee-Climatisation.pdf\" class=\"wp-block-file__button wp-element-button\" download aria-describedby=\"wp-block-file--media-92e7f004-852b-435a-82c9-ef4b1eb47315\">T\u00e9l\u00e9charger<\/a><\/div>\n\n\n\n<div data-wp-interactive=\"core\/file\" class=\"wp-block-file\"><object data-wp-bind--hidden=\"!state.hasPdfPreview\" hidden class=\"wp-block-file__embed\" data=\"https:\/\/www.veterans.re\/wp-content\/uploads\/2025\/08\/VuePlanMusee2025-ECL-LEDS.pdf\" type=\"application\/pdf\" style=\"width:100%;height:600px\" aria-label=\"Contenu embarqu\u00e9 VuePlanMus\u00e9e2025-ECL LEDS.\"><\/object><a id=\"wp-block-file--media-621a3c5a-898b-459a-b620-011d8fcf7126\" href=\"https:\/\/www.veterans.re\/wp-content\/uploads\/2025\/08\/VuePlanMusee2025-ECL-LEDS.pdf\">VuePlanMus\u00e9e2025-ECL LEDS<\/a><a href=\"https:\/\/www.veterans.re\/wp-content\/uploads\/2025\/08\/VuePlanMusee2025-ECL-LEDS.pdf\" class=\"wp-block-file__button wp-element-button\" download aria-describedby=\"wp-block-file--media-621a3c5a-898b-459a-b620-011d8fcf7126\">T\u00e9l\u00e9charger<\/a><\/div>\n\n\n\n<div data-wp-interactive=\"core\/file\" class=\"wp-block-file\"><object data-wp-bind--hidden=\"!state.hasPdfPreview\" hidden class=\"wp-block-file__embed\" data=\"https:\/\/www.veterans.re\/wp-content\/uploads\/2025\/08\/VuePlanMusee-Vitrines.pdf\" type=\"application\/pdf\" style=\"width:100%;height:600px\" aria-label=\"Contenu embarqu\u00e9 VuePlanMus\u00e9e Vitrines.\"><\/object><a id=\"wp-block-file--media-a014b8b9-1f1b-4309-8bd7-abea4a751625\" href=\"https:\/\/www.veterans.re\/wp-content\/uploads\/2025\/08\/VuePlanMusee-Vitrines.pdf\">VuePlanMus\u00e9e Vitrines<\/a><a href=\"https:\/\/www.veterans.re\/wp-content\/uploads\/2025\/08\/VuePlanMusee-Vitrines.pdf\" class=\"wp-block-file__button wp-element-button\" download aria-describedby=\"wp-block-file--media-a014b8b9-1f1b-4309-8bd7-abea4a751625\">T\u00e9l\u00e9charger<\/a><\/div>\n\n\n\n<div data-wp-interactive=\"core\/file\" class=\"wp-block-file\"><object data-wp-bind--hidden=\"!state.hasPdfPreview\" hidden class=\"wp-block-file__embed\" data=\"https:\/\/www.veterans.re\/wp-content\/uploads\/2025\/08\/VuePlanMusee-Globale.pdf\" type=\"application\/pdf\" style=\"width:100%;height:600px\" aria-label=\"Contenu embarqu\u00e9 VuePlanMus\u00e9e Globale.\"><\/object><a id=\"wp-block-file--media-ec75eb43-0fb4-4dcc-b9cf-9d3674c2c145\" href=\"https:\/\/www.veterans.re\/wp-content\/uploads\/2025\/08\/VuePlanMusee-Globale.pdf\">VuePlanMus\u00e9e Globale<\/a><a href=\"https:\/\/www.veterans.re\/wp-content\/uploads\/2025\/08\/VuePlanMusee-Globale.pdf\" class=\"wp-block-file__button wp-element-button\" download aria-describedby=\"wp-block-file--media-ec75eb43-0fb4-4dcc-b9cf-9d3674c2c145\">T\u00e9l\u00e9charger<\/a><\/div>\n\n\n\n<hr class=\"wp-block-separator has-alpha-channel-opacity\"\/>\n\n\n\n<h2 class=\"wp-block-heading has-white-color has-text-color has-link-color wp-elements-474908fd894932da3944c84e31ffbaf6\"><span style=\"color: #800000;\">Aper\u00e7u en 3D du relev\u00e9 des plans de l&rsquo;existant :<\/span><\/h2>\n\n\n\n<figure class=\"wp-block-image\"><img decoding=\"async\" width=\"1919\" height=\"952\" src=\"http:\/\/www.veterans.re\/wp-content\/uploads\/2017\/04\/Plan3DMuse\u0301e.jpg\" alt=\"\" class=\"wp-image-36\" srcset=\"https:\/\/www.veterans.re\/wp-content\/uploads\/2017\/04\/Plan3DMuse\u0301e.jpg 1919w, https:\/\/www.veterans.re\/wp-content\/uploads\/2017\/04\/Plan3DMuse\u0301e-500x248.jpg 500w, https:\/\/www.veterans.re\/wp-content\/uploads\/2017\/04\/Plan3DMuse\u0301e-700x347.jpg 700w, https:\/\/www.veterans.re\/wp-content\/uploads\/2017\/04\/Plan3DMuse\u0301e-300x149.jpg 300w, https:\/\/www.veterans.re\/wp-content\/uploads\/2017\/04\/Plan3DMuse\u0301e-768x381.jpg 768w, https:\/\/www.veterans.re\/wp-content\/uploads\/2017\/04\/Plan3DMuse\u0301e-1024x508.jpg 1024w\" sizes=\"(max-width: 1919px) 100vw, 1919px\" \/><\/figure>\n\n\n\n<figure class=\"wp-block-image\"><img decoding=\"async\" width=\"1919\" height=\"952\" src=\"http:\/\/www.veterans.re\/wp-content\/uploads\/2017\/04\/Plan3DMuse\u0301e3.jpg\" alt=\"\" class=\"wp-image-38\" srcset=\"https:\/\/www.veterans.re\/wp-content\/uploads\/2017\/04\/Plan3DMuse\u0301e3.jpg 1919w, https:\/\/www.veterans.re\/wp-content\/uploads\/2017\/04\/Plan3DMuse\u0301e3-500x248.jpg 500w, https:\/\/www.veterans.re\/wp-content\/uploads\/2017\/04\/Plan3DMuse\u0301e3-700x347.jpg 700w, https:\/\/www.veterans.re\/wp-content\/uploads\/2017\/04\/Plan3DMuse\u0301e3-300x149.jpg 300w, https:\/\/www.veterans.re\/wp-content\/uploads\/2017\/04\/Plan3DMuse\u0301e3-768x381.jpg 768w, https:\/\/www.veterans.re\/wp-content\/uploads\/2017\/04\/Plan3DMuse\u0301e3-1024x508.jpg 1024w\" sizes=\"(max-width: 1919px) 100vw, 1919px\" \/><\/figure>\n\n\n\n<figure class=\"wp-block-image\"><img loading=\"lazy\" decoding=\"async\" width=\"1919\" height=\"952\" src=\"http:\/\/www.veterans.re\/wp-content\/uploads\/2017\/04\/Plan3DMuse\u0301e2.jpg\" alt=\"\" class=\"wp-image-37\" srcset=\"https:\/\/www.veterans.re\/wp-content\/uploads\/2017\/04\/Plan3DMuse\u0301e2.jpg 1919w, https:\/\/www.veterans.re\/wp-content\/uploads\/2017\/04\/Plan3DMuse\u0301e2-500x248.jpg 500w, https:\/\/www.veterans.re\/wp-content\/uploads\/2017\/04\/Plan3DMuse\u0301e2-700x347.jpg 700w, https:\/\/www.veterans.re\/wp-content\/uploads\/2017\/04\/Plan3DMuse\u0301e2-300x149.jpg 300w, https:\/\/www.veterans.re\/wp-content\/uploads\/2017\/04\/Plan3DMuse\u0301e2-768x381.jpg 768w, https:\/\/www.veterans.re\/wp-content\/uploads\/2017\/04\/Plan3DMuse\u0301e2-1024x508.jpg 1024w\" sizes=\"(max-width: 1919px) 100vw, 1919px\" \/><\/figure>\n\n\n\n<hr class=\"wp-block-separator has-alpha-channel-opacity\"\/>\n\n\n\n<h2 class=\"wp-block-heading has-white-color has-text-color has-link-color wp-elements-9d23cc49987565e78c4f39c63dbd78a4\"><span style=\"color: #800000;\">Projet initial d&rsquo;implantation des vitrines du mus\u00e9e<\/span><\/h2>\n\n\n\n<figure class=\"wp-block-image\"><img loading=\"lazy\" decoding=\"async\" width=\"1074\" height=\"526\" src=\"http:\/\/www.veterans.re\/wp-content\/uploads\/2017\/04\/Contempo.jpeg\" alt=\"\" class=\"wp-image-41\" srcset=\"https:\/\/www.veterans.re\/wp-content\/uploads\/2017\/04\/Contempo.jpeg 1074w, https:\/\/www.veterans.re\/wp-content\/uploads\/2017\/04\/Contempo-500x245.jpeg 500w, https:\/\/www.veterans.re\/wp-content\/uploads\/2017\/04\/Contempo-700x343.jpeg 700w, https:\/\/www.veterans.re\/wp-content\/uploads\/2017\/04\/Contempo-300x147.jpeg 300w, https:\/\/www.veterans.re\/wp-content\/uploads\/2017\/04\/Contempo-768x376.jpeg 768w, https:\/\/www.veterans.re\/wp-content\/uploads\/2017\/04\/Contempo-1024x502.jpeg 1024w\" sizes=\"(max-width: 1074px) 100vw, 1074px\" \/><\/figure>\n\n\n\n<figure class=\"wp-block-image\"><img loading=\"lazy\" decoding=\"async\" width=\"900\" height=\"751\" src=\"http:\/\/www.veterans.re\/wp-content\/uploads\/2017\/04\/Salle3945.jpeg\" alt=\"\" class=\"wp-image-42\" srcset=\"https:\/\/www.veterans.re\/wp-content\/uploads\/2017\/04\/Salle3945.jpeg 900w, https:\/\/www.veterans.re\/wp-content\/uploads\/2017\/04\/Salle3945-500x417.jpeg 500w, https:\/\/www.veterans.re\/wp-content\/uploads\/2017\/04\/Salle3945-700x584.jpeg 700w, https:\/\/www.veterans.re\/wp-content\/uploads\/2017\/04\/Salle3945-300x250.jpeg 300w, https:\/\/www.veterans.re\/wp-content\/uploads\/2017\/04\/Salle3945-768x641.jpeg 768w\" sizes=\"(max-width: 900px) 100vw, 900px\" \/><\/figure>\n\n\n\n<figure class=\"wp-block-image\"><img loading=\"lazy\" decoding=\"async\" width=\"788\" height=\"521\" src=\"http:\/\/www.veterans.re\/wp-content\/uploads\/2017\/04\/Salle1418.jpeg\" alt=\"\" class=\"wp-image-43\" srcset=\"https:\/\/www.veterans.re\/wp-content\/uploads\/2017\/04\/Salle1418.jpeg 788w, https:\/\/www.veterans.re\/wp-content\/uploads\/2017\/04\/Salle1418-500x331.jpeg 500w, https:\/\/www.veterans.re\/wp-content\/uploads\/2017\/04\/Salle1418-700x463.jpeg 700w, https:\/\/www.veterans.re\/wp-content\/uploads\/2017\/04\/Salle1418-300x198.jpeg 300w, https:\/\/www.veterans.re\/wp-content\/uploads\/2017\/04\/Salle1418-768x508.jpeg 768w\" sizes=\"(max-width: 788px) 100vw, 788px\" \/><\/figure>\n\n\n\n<hr class=\"wp-block-separator has-alpha-channel-opacity\"\/>\n\n\n\n<h2 class=\"wp-block-heading has-white-color has-text-color has-link-color wp-elements-d9fc1ab56be7fdc1a8f93ce770be9d40\"><span style=\"color: #0000ff;\">Plans d\u00e9taill\u00e9s des Vitrines \u00e0 t\u00e9l\u00e9charger<\/span><\/h2>\n\n\n\n<h3 class=\"wp-block-heading has-white-color has-text-color has-link-color wp-elements-b50b5809407efae6f5c30f3c626e7665\"><span style=\"color: #0000ff;\"><a style=\"color: #0000ff;\" href=\"http:\/\/www.veterans.re\/wp-content\/uploads\/2017\/04\/VuePlanMuse\u0301e-01-5Mai.pdf\" target=\"_blank\" rel=\"noopener noreferrer\">VuePlanMuse\u0301e-01-5Mai<\/a>&nbsp;<a style=\"color: #0000ff;\" href=\"http:\/\/www.veterans.re\/wp-content\/uploads\/2017\/04\/VuePlanMuse\u0301e-02-5Mai.pdf\" target=\"_blank\" rel=\"noopener noreferrer\"><img loading=\"lazy\" decoding=\"async\" class=\"alignnone size-full wp-image-178\" src=\"http:\/\/www.veterans.re\/wp-content\/uploads\/2017\/04\/159_o.gif\" alt=\"\" width=\"100\" height=\"40\"><\/a><\/span><\/h3>\n\n\n\n<h3 class=\"wp-block-heading has-white-color has-text-color has-link-color wp-elements-f6589f5b76bd30352a6d4999571392cc\"><a href=\"http:\/\/www.veterans.re\/wp-content\/uploads\/2017\/04\/VuePlanMuse\u0301e-02-5Mai.pdf\" target=\"_blank\" rel=\"noopener noreferrer\"><span style=\"color: #0000ff;\">VuePlanMuse\u0301e-02-5Mai<\/span><img loading=\"lazy\" decoding=\"async\" class=\"alignnone size-full wp-image-178\" src=\"http:\/\/www.veterans.re\/wp-content\/uploads\/2017\/04\/159_o.gif\" alt=\"\" width=\"100\" height=\"40\"><\/a><\/h3>\n\n\n\n<figure class=\"wp-block-image\"><img loading=\"lazy\" decoding=\"async\" width=\"1592\" height=\"687\" src=\"http:\/\/www.veterans.re\/wp-content\/uploads\/2017\/04\/salle01.jpeg\" alt=\"\" class=\"wp-image-174\" srcset=\"https:\/\/www.veterans.re\/wp-content\/uploads\/2017\/04\/salle01.jpeg 1592w, https:\/\/www.veterans.re\/wp-content\/uploads\/2017\/04\/salle01-500x216.jpeg 500w, https:\/\/www.veterans.re\/wp-content\/uploads\/2017\/04\/salle01-700x302.jpeg 700w, https:\/\/www.veterans.re\/wp-content\/uploads\/2017\/04\/salle01-300x129.jpeg 300w, https:\/\/www.veterans.re\/wp-content\/uploads\/2017\/04\/salle01-768x331.jpeg 768w, https:\/\/www.veterans.re\/wp-content\/uploads\/2017\/04\/salle01-1024x442.jpeg 1024w\" sizes=\"(max-width: 1592px) 100vw, 1592px\" \/><\/figure>\n\n\n\n<figure class=\"wp-block-image\"><img loading=\"lazy\" decoding=\"async\" width=\"1075\" height=\"620\" src=\"http:\/\/www.veterans.re\/wp-content\/uploads\/2017\/04\/salle02.jpeg\" alt=\"\" class=\"wp-image-175\" srcset=\"https:\/\/www.veterans.re\/wp-content\/uploads\/2017\/04\/salle02.jpeg 1075w, https:\/\/www.veterans.re\/wp-content\/uploads\/2017\/04\/salle02-500x288.jpeg 500w, https:\/\/www.veterans.re\/wp-content\/uploads\/2017\/04\/salle02-700x404.jpeg 700w, https:\/\/www.veterans.re\/wp-content\/uploads\/2017\/04\/salle02-300x173.jpeg 300w, https:\/\/www.veterans.re\/wp-content\/uploads\/2017\/04\/salle02-768x443.jpeg 768w, https:\/\/www.veterans.re\/wp-content\/uploads\/2017\/04\/salle02-1024x591.jpeg 1024w\" sizes=\"(max-width: 1075px) 100vw, 1075px\" \/><\/figure>\n\n\n\n<hr class=\"wp-block-separator has-alpha-channel-opacity\"\/>\n\n\n\n<figure class=\"wp-block-image\"><img loading=\"lazy\" decoding=\"async\" width=\"1048\" height=\"639\" src=\"http:\/\/www.veterans.re\/wp-content\/uploads\/2017\/04\/Entre\u0301e.jpg\" alt=\"\" class=\"wp-image-72\" srcset=\"https:\/\/www.veterans.re\/wp-content\/uploads\/2017\/04\/Entre\u0301e.jpg 1048w, https:\/\/www.veterans.re\/wp-content\/uploads\/2017\/04\/Entre\u0301e-500x305.jpg 500w, https:\/\/www.veterans.re\/wp-content\/uploads\/2017\/04\/Entre\u0301e-700x427.jpg 700w, https:\/\/www.veterans.re\/wp-content\/uploads\/2017\/04\/Entre\u0301e-300x183.jpg 300w, https:\/\/www.veterans.re\/wp-content\/uploads\/2017\/04\/Entre\u0301e-768x468.jpg 768w, https:\/\/www.veterans.re\/wp-content\/uploads\/2017\/04\/Entre\u0301e-1024x624.jpg 1024w\" sizes=\"(max-width: 1048px) 100vw, 1048px\" \/><\/figure>\n\n\n\n<figure class=\"wp-block-image\"><img loading=\"lazy\" decoding=\"async\" width=\"1048\" height=\"639\" src=\"http:\/\/www.veterans.re\/wp-content\/uploads\/2017\/04\/Entre\u0301e1.jpg\" alt=\"\" class=\"wp-image-73\" srcset=\"https:\/\/www.veterans.re\/wp-content\/uploads\/2017\/04\/Entre\u0301e1.jpg 1048w, https:\/\/www.veterans.re\/wp-content\/uploads\/2017\/04\/Entre\u0301e1-500x305.jpg 500w, https:\/\/www.veterans.re\/wp-content\/uploads\/2017\/04\/Entre\u0301e1-700x427.jpg 700w, https:\/\/www.veterans.re\/wp-content\/uploads\/2017\/04\/Entre\u0301e1-300x183.jpg 300w, https:\/\/www.veterans.re\/wp-content\/uploads\/2017\/04\/Entre\u0301e1-768x468.jpg 768w, https:\/\/www.veterans.re\/wp-content\/uploads\/2017\/04\/Entre\u0301e1-1024x624.jpg 1024w\" sizes=\"(max-width: 1048px) 100vw, 1048px\" \/><\/figure>\n\n\n\n<figure class=\"wp-block-image\"><img loading=\"lazy\" decoding=\"async\" width=\"1048\" height=\"639\" src=\"http:\/\/www.veterans.re\/wp-content\/uploads\/2017\/04\/Entre\u0301e2.jpg\" alt=\"\" class=\"wp-image-74\" srcset=\"https:\/\/www.veterans.re\/wp-content\/uploads\/2017\/04\/Entre\u0301e2.jpg 1048w, https:\/\/www.veterans.re\/wp-content\/uploads\/2017\/04\/Entre\u0301e2-500x305.jpg 500w, https:\/\/www.veterans.re\/wp-content\/uploads\/2017\/04\/Entre\u0301e2-700x427.jpg 700w, https:\/\/www.veterans.re\/wp-content\/uploads\/2017\/04\/Entre\u0301e2-300x183.jpg 300w, https:\/\/www.veterans.re\/wp-content\/uploads\/2017\/04\/Entre\u0301e2-768x468.jpg 768w, https:\/\/www.veterans.re\/wp-content\/uploads\/2017\/04\/Entre\u0301e2-1024x624.jpg 1024w\" sizes=\"(max-width: 1048px) 100vw, 1048px\" \/><\/figure>\n\n\n\n<figure class=\"wp-block-image\"><img loading=\"lazy\" decoding=\"async\" width=\"1048\" height=\"639\" src=\"http:\/\/www.veterans.re\/wp-content\/uploads\/2017\/04\/Entre\u0301e3.jpg\" alt=\"\" class=\"wp-image-75\" srcset=\"https:\/\/www.veterans.re\/wp-content\/uploads\/2017\/04\/Entre\u0301e3.jpg 1048w, https:\/\/www.veterans.re\/wp-content\/uploads\/2017\/04\/Entre\u0301e3-500x305.jpg 500w, https:\/\/www.veterans.re\/wp-content\/uploads\/2017\/04\/Entre\u0301e3-700x427.jpg 700w, https:\/\/www.veterans.re\/wp-content\/uploads\/2017\/04\/Entre\u0301e3-300x183.jpg 300w, https:\/\/www.veterans.re\/wp-content\/uploads\/2017\/04\/Entre\u0301e3-768x468.jpg 768w, https:\/\/www.veterans.re\/wp-content\/uploads\/2017\/04\/Entre\u0301e3-1024x624.jpg 1024w\" sizes=\"(max-width: 1048px) 100vw, 1048px\" \/><\/figure>\n\n\n\n<figure class=\"wp-block-image\"><img loading=\"lazy\" decoding=\"async\" width=\"1048\" height=\"639\" src=\"http:\/\/www.veterans.re\/wp-content\/uploads\/2017\/04\/Entre\u0301e4.jpg\" alt=\"\" class=\"wp-image-76\" srcset=\"https:\/\/www.veterans.re\/wp-content\/uploads\/2017\/04\/Entre\u0301e4.jpg 1048w, https:\/\/www.veterans.re\/wp-content\/uploads\/2017\/04\/Entre\u0301e4-500x305.jpg 500w, https:\/\/www.veterans.re\/wp-content\/uploads\/2017\/04\/Entre\u0301e4-700x427.jpg 700w, https:\/\/www.veterans.re\/wp-content\/uploads\/2017\/04\/Entre\u0301e4-300x183.jpg 300w, https:\/\/www.veterans.re\/wp-content\/uploads\/2017\/04\/Entre\u0301e4-768x468.jpg 768w, https:\/\/www.veterans.re\/wp-content\/uploads\/2017\/04\/Entre\u0301e4-1024x624.jpg 1024w\" sizes=\"(max-width: 1048px) 100vw, 1048px\" \/><\/figure>\n\n\n\n<figure class=\"wp-block-image\"><img loading=\"lazy\" decoding=\"async\" width=\"1048\" height=\"639\" src=\"http:\/\/www.veterans.re\/wp-content\/uploads\/2017\/04\/Entre\u0301e5.jpg\" alt=\"\" class=\"wp-image-77\" srcset=\"https:\/\/www.veterans.re\/wp-content\/uploads\/2017\/04\/Entre\u0301e5.jpg 1048w, https:\/\/www.veterans.re\/wp-content\/uploads\/2017\/04\/Entre\u0301e5-500x305.jpg 500w, https:\/\/www.veterans.re\/wp-content\/uploads\/2017\/04\/Entre\u0301e5-700x427.jpg 700w, https:\/\/www.veterans.re\/wp-content\/uploads\/2017\/04\/Entre\u0301e5-300x183.jpg 300w, https:\/\/www.veterans.re\/wp-content\/uploads\/2017\/04\/Entre\u0301e5-768x468.jpg 768w, https:\/\/www.veterans.re\/wp-content\/uploads\/2017\/04\/Entre\u0301e5-1024x624.jpg 1024w\" sizes=\"(max-width: 1048px) 100vw, 1048px\" \/><\/figure>\n\n\n\n<figure class=\"wp-block-image\"><img loading=\"lazy\" decoding=\"async\" width=\"1048\" height=\"639\" src=\"http:\/\/www.veterans.re\/wp-content\/uploads\/2017\/04\/Entre\u0301e7.jpg\" alt=\"\" class=\"wp-image-79\" srcset=\"https:\/\/www.veterans.re\/wp-content\/uploads\/2017\/04\/Entre\u0301e7.jpg 1048w, https:\/\/www.veterans.re\/wp-content\/uploads\/2017\/04\/Entre\u0301e7-500x305.jpg 500w, https:\/\/www.veterans.re\/wp-content\/uploads\/2017\/04\/Entre\u0301e7-700x427.jpg 700w, https:\/\/www.veterans.re\/wp-content\/uploads\/2017\/04\/Entre\u0301e7-300x183.jpg 300w, https:\/\/www.veterans.re\/wp-content\/uploads\/2017\/04\/Entre\u0301e7-768x468.jpg 768w, https:\/\/www.veterans.re\/wp-content\/uploads\/2017\/04\/Entre\u0301e7-1024x624.jpg 1024w\" sizes=\"(max-width: 1048px) 100vw, 1048px\" \/><\/figure>\n\n\n\n<figure class=\"wp-block-image\"><img loading=\"lazy\" decoding=\"async\" width=\"1048\" height=\"639\" src=\"http:\/\/www.veterans.re\/wp-content\/uploads\/2017\/04\/Entre\u0301e8.jpg\" alt=\"\" class=\"wp-image-80\" srcset=\"https:\/\/www.veterans.re\/wp-content\/uploads\/2017\/04\/Entre\u0301e8.jpg 1048w, https:\/\/www.veterans.re\/wp-content\/uploads\/2017\/04\/Entre\u0301e8-500x305.jpg 500w, https:\/\/www.veterans.re\/wp-content\/uploads\/2017\/04\/Entre\u0301e8-700x427.jpg 700w, https:\/\/www.veterans.re\/wp-content\/uploads\/2017\/04\/Entre\u0301e8-300x183.jpg 300w, https:\/\/www.veterans.re\/wp-content\/uploads\/2017\/04\/Entre\u0301e8-768x468.jpg 768w, https:\/\/www.veterans.re\/wp-content\/uploads\/2017\/04\/Entre\u0301e8-1024x624.jpg 1024w\" sizes=\"(max-width: 1048px) 100vw, 1048px\" \/><\/figure>\n\n\n\n<figure class=\"wp-block-image\"><img loading=\"lazy\" decoding=\"async\" width=\"1048\" height=\"639\" src=\"http:\/\/www.veterans.re\/wp-content\/uploads\/2017\/04\/Entre\u0301e9.jpg\" alt=\"\" class=\"wp-image-81\" srcset=\"https:\/\/www.veterans.re\/wp-content\/uploads\/2017\/04\/Entre\u0301e9.jpg 1048w, https:\/\/www.veterans.re\/wp-content\/uploads\/2017\/04\/Entre\u0301e9-500x305.jpg 500w, https:\/\/www.veterans.re\/wp-content\/uploads\/2017\/04\/Entre\u0301e9-700x427.jpg 700w, https:\/\/www.veterans.re\/wp-content\/uploads\/2017\/04\/Entre\u0301e9-300x183.jpg 300w, https:\/\/www.veterans.re\/wp-content\/uploads\/2017\/04\/Entre\u0301e9-768x468.jpg 768w, https:\/\/www.veterans.re\/wp-content\/uploads\/2017\/04\/Entre\u0301e9-1024x624.jpg 1024w\" sizes=\"(max-width: 1048px) 100vw, 1048px\" \/><\/figure>\n\n\n\n<figure class=\"wp-block-image\"><img loading=\"lazy\" decoding=\"async\" width=\"1048\" height=\"639\" src=\"http:\/\/www.veterans.re\/wp-content\/uploads\/2017\/04\/Entre\u0301e10.jpg\" alt=\"\" class=\"wp-image-82\" srcset=\"https:\/\/www.veterans.re\/wp-content\/uploads\/2017\/04\/Entre\u0301e10.jpg 1048w, https:\/\/www.veterans.re\/wp-content\/uploads\/2017\/04\/Entre\u0301e10-500x305.jpg 500w, https:\/\/www.veterans.re\/wp-content\/uploads\/2017\/04\/Entre\u0301e10-700x427.jpg 700w, https:\/\/www.veterans.re\/wp-content\/uploads\/2017\/04\/Entre\u0301e10-300x183.jpg 300w, https:\/\/www.veterans.re\/wp-content\/uploads\/2017\/04\/Entre\u0301e10-768x468.jpg 768w, https:\/\/www.veterans.re\/wp-content\/uploads\/2017\/04\/Entre\u0301e10-1024x624.jpg 1024w\" sizes=\"(max-width: 1048px) 100vw, 1048px\" \/><\/figure>\n\n\n\n<figure class=\"wp-block-image\"><img loading=\"lazy\" decoding=\"async\" width=\"1048\" height=\"639\" src=\"http:\/\/www.veterans.re\/wp-content\/uploads\/2017\/04\/Entre\u0301e11.jpg\" alt=\"\" class=\"wp-image-83\" srcset=\"https:\/\/www.veterans.re\/wp-content\/uploads\/2017\/04\/Entre\u0301e11.jpg 1048w, https:\/\/www.veterans.re\/wp-content\/uploads\/2017\/04\/Entre\u0301e11-500x305.jpg 500w, https:\/\/www.veterans.re\/wp-content\/uploads\/2017\/04\/Entre\u0301e11-700x427.jpg 700w, https:\/\/www.veterans.re\/wp-content\/uploads\/2017\/04\/Entre\u0301e11-300x183.jpg 300w, https:\/\/www.veterans.re\/wp-content\/uploads\/2017\/04\/Entre\u0301e11-768x468.jpg 768w, https:\/\/www.veterans.re\/wp-content\/uploads\/2017\/04\/Entre\u0301e11-1024x624.jpg 1024w\" sizes=\"(max-width: 1048px) 100vw, 1048px\" \/><\/figure>\n\n\n\n<figure class=\"wp-block-image\"><img loading=\"lazy\" decoding=\"async\" width=\"1048\" height=\"639\" src=\"http:\/\/www.veterans.re\/wp-content\/uploads\/2017\/04\/Entre\u0301e12.jpg\" alt=\"\" class=\"wp-image-84\" srcset=\"https:\/\/www.veterans.re\/wp-content\/uploads\/2017\/04\/Entre\u0301e12.jpg 1048w, https:\/\/www.veterans.re\/wp-content\/uploads\/2017\/04\/Entre\u0301e12-500x305.jpg 500w, https:\/\/www.veterans.re\/wp-content\/uploads\/2017\/04\/Entre\u0301e12-700x427.jpg 700w, https:\/\/www.veterans.re\/wp-content\/uploads\/2017\/04\/Entre\u0301e12-300x183.jpg 300w, https:\/\/www.veterans.re\/wp-content\/uploads\/2017\/04\/Entre\u0301e12-768x468.jpg 768w, https:\/\/www.veterans.re\/wp-content\/uploads\/2017\/04\/Entre\u0301e12-1024x624.jpg 1024w\" sizes=\"(max-width: 1048px) 100vw, 1048px\" \/><\/figure>\n\n\n\n<h2 class=\"wp-block-heading has-white-color has-text-color has-link-color wp-elements-9fe520b0aff2abe64ff59548fbdbd04c\"><span style=\"color: #ff0000;\">Ces donn\u00e9es sont&nbsp;\u00e0 titre indicatives, ne respectent pas les proportions et les figurines&nbsp;sont factices &#8230;<\/span><\/h2>\n","protected":false},"excerpt":{"rendered":"<p>Relev\u00e9 de l&rsquo;existant : Autres plans : Aper\u00e7u en 3D du relev\u00e9 des plans de l&rsquo;existant : Projet initial d&rsquo;implantation des vitrines du mus\u00e9e Plans d\u00e9taill\u00e9s des Vitrines \u00e0 t\u00e9l\u00e9charger VuePlanMuse\u0301e-01-5Mai&nbsp; VuePlanMuse\u0301e-02-5Mai Ces donn\u00e9es sont&nbsp;\u00e0 titre indicatives, ne respectent pas les proportions et les figurines&nbsp;sont factices &#8230;<\/p>\n","protected":false},"author":1,"featured_media":0,"parent":0,"menu_order":0,"comment_status":"closed","ping_status":"closed","template":"template-full-width.php","meta":{"footnotes":""},"class_list":["post-32","page","type-page","status-publish","hentry"],"_links":{"self":[{"href":"https:\/\/www.veterans.re\/index.php\/wp-json\/wp\/v2\/pages\/32","targetHints":{"allow":["GET"]}}],"collection":[{"href":"https:\/\/www.veterans.re\/index.php\/wp-json\/wp\/v2\/pages"}],"about":[{"href":"https:\/\/www.veterans.re\/index.php\/wp-json\/wp\/v2\/types\/page"}],"author":[{"embeddable":true,"href":"https:\/\/www.veterans.re\/index.php\/wp-json\/wp\/v2\/users\/1"}],"replies":[{"embeddable":true,"href":"https:\/\/www.veterans.re\/index.php\/wp-json\/wp\/v2\/comments?post=32"}],"version-history":[{"count":18,"href":"https:\/\/www.veterans.re\/index.php\/wp-json\/wp\/v2\/pages\/32\/revisions"}],"predecessor-version":[{"id":2393,"href":"https:\/\/www.veterans.re\/index.php\/wp-json\/wp\/v2\/pages\/32\/revisions\/2393"}],"wp:attachment":[{"href":"https:\/\/www.veterans.re\/index.php\/wp-json\/wp\/v2\/media?parent=32"}],"curies":[{"name":"wp","href":"https:\/\/api.w.org\/{rel}","templated":true}]}}